{"id":27,"date":"2022-05-10T13:19:27","date_gmt":"2022-05-10T13:19:27","guid":{"rendered":"https:\/\/haut-moosbrugger.at\/?page_id=27"},"modified":"2022-06-09T13:44:16","modified_gmt":"2022-06-09T13:44:16","slug":"impressum","status":"publish","type":"page","link":"https:\/\/haut-moosbrugger.at\/index.php\/impressum\/","title":{"rendered":"Impressum"},"content":{"rendered":"<div id='av_section_1'  class='avia-section av-l3x4ew8k-7dae1806ee6daa9c89c1a330fb5c8980 main_color avia-section-default avia-no-border-styling  avia-builder-el-0  el_before_av_section  avia-builder-el-first  avia-bg-style-scroll container_wrap sidebar_right'  ><div class='container av-section-cont-open' ><main  role=\"main\" itemprop=\"mainContentOfPage\"  class='template-page content  av-content-small alpha units'><div class='post-entry post-entry-type-page post-entry-27'><div class='entry-content-wrapper clearfix'>\n<div class='flex_column av-7e8a3-10c337be3d6fa06bb0f8cee92038583d av_one_fifth  avia-builder-el-1  el_before_av_three_fifth  avia-builder-el-first  first flex_column_div '   ><\/div><div class='flex_column av-6zsan-fccc74b566905d8c2066557610fb9950 av_three_fifth  avia-builder-el-2  el_after_av_one_fifth  el_before_av_one_fifth  flex_column_div '   ><style type=\"text\/css\" data-created_by=\"avia_inline_auto\" id=\"style-css-av-l3x48tbu-a653e82f94ce4f7d13fb1b42d77293f8\">\n#top .av-special-heading.av-l3x48tbu-a653e82f94ce4f7d13fb1b42d77293f8{\npadding-bottom:10px;\ncolor:#eac2a1;\n}\nbody .av-special-heading.av-l3x48tbu-a653e82f94ce4f7d13fb1b42d77293f8 .av-special-heading-tag .heading-char{\nfont-size:25px;\n}\n.av-special-heading.av-l3x48tbu-a653e82f94ce4f7d13fb1b42d77293f8 .special-heading-inner-border{\nborder-color:#eac2a1;\n}\n.av-special-heading.av-l3x48tbu-a653e82f94ce4f7d13fb1b42d77293f8 .av-subheading{\nfont-size:15px;\n}\nbody .av-special-heading.av-l3x48tbu-a653e82f94ce4f7d13fb1b42d77293f8 .av-special-heading-tag .heading-wrap:before{\nborder-color:#eac2a1;\n}\nbody .av-special-heading.av-l3x48tbu-a653e82f94ce4f7d13fb1b42d77293f8 .av-special-heading-tag .heading-wrap:after{\nborder-color:#eac2a1;\n}\n<\/style>\n<div  class='av-special-heading av-l3x48tbu-a653e82f94ce4f7d13fb1b42d77293f8 av-special-heading-h2 custom-color-heading blockquote modern-quote modern-centered  avia-builder-el-3  avia-builder-el-no-sibling '><h2 class='av-special-heading-tag'  itemprop=\"headline\"  >Impressum<\/h2><div class=\"special-heading-border\"><div class=\"special-heading-inner-border\"><\/div><\/div><\/div><\/div><div class='flex_column av-6asrb-89d2a1f2493df55acd63da2278f58619 av_one_fifth  avia-builder-el-4  el_after_av_three_fifth  el_before_av_one_fifth  flex_column_div '   ><\/div><div class='flex_column av-5ohtr-01735637a8142a7bc54a12e0310169f0 av_one_fifth  avia-builder-el-5  el_after_av_one_fifth  el_before_av_three_fifth  first flex_column_div column-top-margin'   ><\/div><div class='flex_column av-5cvm7-c65310c3bfe01616fe4b9971c7602e5e av_three_fifth  avia-builder-el-6  el_after_av_one_fifth  el_before_av_one_fifth  flex_column_div column-top-margin'   ><style type=\"text\/css\" data-created_by=\"avia_inline_auto\" id=\"style-css-av-l3x4cagw-67750bd1c34b1713697143eca0f6af1a\">\n#top .av_textblock_section.av-l3x4cagw-67750bd1c34b1713697143eca0f6af1a .avia_textblock{\nfont-size:15px;\ncolor:#555555;\n}\n<\/style>\n<section  class='av_textblock_section av-l3x4cagw-67750bd1c34b1713697143eca0f6af1a'  itemscope=\"itemscope\" itemtype=\"https:\/\/schema.org\/CreativeWork\" ><div class='avia_textblock av_inherit_color'  itemprop=\"text\" ><p><strong>Dr. Birgit Moosbrugger<\/strong><br \/>\nFach\u00e4rztin f\u00fcr Haut- und Geschlechtskrankheiten<br \/>\nWahl\u00e4rztin<br \/>\n(Ordinations- und Ger\u00e4tegemeinschaft mit Dr. Mirjam Volgger)<\/p>\n<p>Am Kehlerpark 2<br \/>\nA-6850 Dornbirn<br \/>\nT 05572 200663 20<br \/>\nF 05572 200663 14<br \/>\npraxis@haut-moosbrugger.at<\/p>\n<p><strong>Konzeption &amp; Gestaltung:<\/strong><br \/>\nMag. FH Bernd W\u00f6lfler<br \/>\n<a href=\"http:\/\/www.woelfler.com\" target=\"_blank\" rel=\"noopener\">www.woelfler.com<\/a><\/p>\n<p><strong>Fotos:<\/strong><br \/>\nMarcel Hagen<br \/>\n<a href=\"http:\/\/www.studio22.at\" target=\"_blank\" rel=\"noopener\">www.studio22.at<\/a><\/p>\n<\/div><\/section><\/div><div class='flex_column av-4g0wf-71ad600a776208e1268cc5ceb81458a2 av_one_fifth  avia-builder-el-8  el_after_av_three_fifth  avia-builder-el-last  flex_column_div column-top-margin'   ><\/div><\/div><\/div><\/main><!-- close content main element --><\/div><\/div><div id='av_section_2'  class='avia-section av-l3x4f357-fe67618113d9596c9d5504e0ab697b78 main_color avia-section-default avia-no-border-styling  avia-builder-el-9  el_after_av_section  avia-builder-el-last  avia-bg-style-scroll container_wrap sidebar_right'  ><div class='container av-section-cont-open' ><div class='template-page content  av-content-small alpha units'><div class='post-entry post-entry-type-page post-entry-27'><div class='entry-content-wrapper clearfix'>\n<div class='flex_column av-3vih3-59b4f9fc91c215824e7c9bdf80f5a129 av_one_fifth  avia-builder-el-10  el_before_av_three_fifth  avia-builder-el-first  first flex_column_div '   ><\/div><div class='flex_column av-33lx7-55153497283e123ede5c7187d7442551 av_three_fifth  avia-builder-el-11  el_after_av_one_fifth  el_before_av_one_fifth  flex_column_div '   ><style type=\"text\/css\" data-created_by=\"avia_inline_auto\" id=\"style-css-av-l3x4d7j9-3409ad30951b46abb7ff233dd540b085\">\n#top .av-special-heading.av-l3x4d7j9-3409ad30951b46abb7ff233dd540b085{\npadding-bottom:10px;\ncolor:#eac2a1;\n}\nbody .av-special-heading.av-l3x4d7j9-3409ad30951b46abb7ff233dd540b085 .av-special-heading-tag .heading-char{\nfont-size:25px;\n}\n.av-special-heading.av-l3x4d7j9-3409ad30951b46abb7ff233dd540b085 .special-heading-inner-border{\nborder-color:#eac2a1;\n}\n.av-special-heading.av-l3x4d7j9-3409ad30951b46abb7ff233dd540b085 .av-subheading{\nfont-size:15px;\n}\nbody .av-special-heading.av-l3x4d7j9-3409ad30951b46abb7ff233dd540b085 .av-special-heading-tag .heading-wrap:before{\nborder-color:#eac2a1;\n}\nbody .av-special-heading.av-l3x4d7j9-3409ad30951b46abb7ff233dd540b085 .av-special-heading-tag .heading-wrap:after{\nborder-color:#eac2a1;\n}\n<\/style>\n<div  class='av-special-heading av-l3x4d7j9-3409ad30951b46abb7ff233dd540b085 av-special-heading-h2 custom-color-heading blockquote modern-quote modern-centered  avia-builder-el-12  avia-builder-el-no-sibling '><h2 class='av-special-heading-tag'  itemprop=\"headline\"  >Disclaimer<\/h2><div class=\"special-heading-border\"><div class=\"special-heading-inner-border\"><\/div><\/div><\/div><\/div><div class='flex_column av-2prxf-029c2f760aba68b6f8742e49595bfd94 av_one_fifth  avia-builder-el-13  el_after_av_three_fifth  el_before_av_one_fifth  flex_column_div '   ><\/div><div class='flex_column av-274pj-825a6cefd857be98b0f975d90cde6bd6 av_one_fifth  avia-builder-el-14  el_after_av_one_fifth  el_before_av_three_fifth  first flex_column_div column-top-margin'   ><\/div><div class='flex_column av-1s94z-f113cc34ba4d4234f26cc359192533fd av_three_fifth  avia-builder-el-15  el_after_av_one_fifth  el_before_av_one_fifth  flex_column_div column-top-margin'   ><style type=\"text\/css\" data-created_by=\"avia_inline_auto\" id=\"style-css-av-l3x4e4bd-6cea662f79fcdcd7ecf256645c82aaec\">\n#top .av_textblock_section.av-l3x4e4bd-6cea662f79fcdcd7ecf256645c82aaec .avia_textblock{\nfont-size:15px;\ncolor:#555555;\n}\n<\/style>\n<section  class='av_textblock_section av-l3x4e4bd-6cea662f79fcdcd7ecf256645c82aaec'  itemscope=\"itemscope\" itemtype=\"https:\/\/schema.org\/CreativeWork\" ><div class='avia_textblock av_inherit_color'  itemprop=\"text\" ><p><strong>Haftung f\u00fcr Links <\/strong><\/p>\n<p>Trotz sorgf\u00e4ltiger inhaltlicher Kontrolle \u00fcbernimmt Dr. Birgit Moosbrugger keine Haftung f\u00fcr die Inhalte externer Links. Dr. Birgit Moosbrugger \u00fcbernimmt ferner keine Verantwortung f\u00fcr Inhalte auf Websites von deren Partnern und teilnehmenden Betrieben, auf die mittels Links verwiesen wird. F\u00fcr den Inhalt der verlinkten Seiten sind ausschlie\u00dflich deren Betreiber verantwortlich.<\/p>\n<p><strong>Urheberrechte, Nutzungsbedingungen <\/strong><\/p>\n<p>Der Inhalt dieser Website ist urheberrechtlich gesch\u00fctzt. S\u00e4mtliche Inhalte, Texte, Grafiken und Fotos sind Eigentum von Dr. Birgit Moosbrugger, alle Rechte vorbehalten. Bestimmte Inhalte k\u00f6nnen weiters auch den Urheberrechts- und Nutzungsbedingungen von Partnern oder Lieferanten unterliegen. Die Bereitstellung von Inhalten und Bildmaterial dieser Website auf andere Websites ist nur mit ausdr\u00fccklicher Genehmigung von Dr. Birgit Moosbrugger gestattet. Die auf dieser Website enthaltenen Angaben werden nach bestem Wissen erstellt und mit gro\u00dfer Sorgfalt auf ihre Richtigkeit \u00fcberpr\u00fcft. Trotzdem sind inhaltliche und sachliche Fehler nicht vollst\u00e4ndig auszuschlie\u00dfen. Dr. Birgit Moosbrugger \u00fcbernimmt keinerlei Garantie und Haftung f\u00fcr die Richtigkeit, Aktualit\u00e4t und Vollst\u00e4ndigkeit der bereitgestellten Informationen. Alle Angaben sind ohne Gew\u00e4hr. Dies gilt auch f\u00fcr alle Links zu anderen URLs, die auf dieser Website genannt werden.<\/p>\n<\/div><\/section><\/div><div class='flex_column av-zt2b-774f962951dfca420b1f1715a5a584a3 av_one_fifth  avia-builder-el-17  el_after_av_three_fifth  avia-builder-el-last  flex_column_div column-top-margin'   ><\/div>\n<\/div><\/div><\/div><!-- close content main div --><\/div><\/div><div id='after_section_2'  class='main_color av_default_container_wrap container_wrap sidebar_right'  ><div class='container av-section-cont-open' ><div class='template-page content  av-content-small alpha units'><div class='post-entry post-entry-type-page post-entry-27'><div class='entry-content-wrapper clearfix'><\/p>\n","protected":false},"excerpt":{"rendered":"","protected":false},"author":1,"featured_media":0,"parent":0,"menu_order":0,"comment_status":"closed","ping_status":"closed","template":"","meta":{"footnotes":""},"class_list":["post-27","page","type-page","status-publish","hentry"],"_links":{"self":[{"href":"https:\/\/haut-moosbrugger.at\/index.php\/wp-json\/wp\/v2\/pages\/27","targetHints":{"allow":["GET"]}}],"collection":[{"href":"https:\/\/haut-moosbrugger.at\/index.php\/wp-json\/wp\/v2\/pages"}],"about":[{"href":"https:\/\/haut-moosbrugger.at\/index.php\/wp-json\/wp\/v2\/types\/page"}],"author":[{"embeddable":true,"href":"https:\/\/haut-moosbrugger.at\/index.php\/wp-json\/wp\/v2\/users\/1"}],"replies":[{"embeddable":true,"href":"https:\/\/haut-moosbrugger.at\/index.php\/wp-json\/wp\/v2\/comments?post=27"}],"version-history":[{"count":5,"href":"https:\/\/haut-moosbrugger.at\/index.php\/wp-json\/wp\/v2\/pages\/27\/revisions"}],"predecessor-version":[{"id":316,"href":"https:\/\/haut-moosbrugger.at\/index.php\/wp-json\/wp\/v2\/pages\/27\/revisions\/316"}],"wp:attachment":[{"href":"https:\/\/haut-moosbrugger.at\/index.php\/wp-json\/wp\/v2\/media?parent=27"}],"curies":[{"name":"wp","href":"https:\/\/api.w.org\/{rel}","templated":true}]}}